{"id":89089,"date":"2021-07-12T09:27:32","date_gmt":"2021-07-12T07:27:32","guid":{"rendered":"https:\/\/fondation-engie.com\/?page_id=89089"},"modified":"2021-07-27T12:10:20","modified_gmt":"2021-07-27T10:10:20","slug":"privacy-policy","status":"publish","type":"page","link":"https:\/\/fondation-engie.com\/en\/privacy-policy\/","title":{"rendered":"Privacy policy"},"content":{"rendered":"<div class=\"wpb-content-wrapper\"><p>[vc_row row_height_percent=&#8221;0&#8243; override_padding=&#8221;yes&#8221; h_padding=&#8221;2&#8243; top_padding=&#8221;3&#8243; bottom_padding=&#8221;3&#8243; overlay_alpha=&#8221;50&#8243; gutter_size=&#8221;3&#8243; column_width_percent=&#8221;100&#8243; shift_y=&#8221;0&#8243; z_index=&#8221;0&#8243;][vc_column width=&#8221;1\/1&#8243;][vc_column_text]ENGIE S.A., dont le si\u00e8ge social est situ\u00e9 au 1 place Samuel de Champlain 92930 Paris La D\u00e9fense Cedex, est amen\u00e9e, dans le cadre de ses activit\u00e9s, \u00e0 traiter de nombreuses donn\u00e9es \u00e0 caract\u00e8re personnelle (celles de ses collaborateurs, clients, sous-traitants, fournisseurs&#8230;).<\/p>\n<p>Conscient de l\u2019importance de ces donn\u00e9es, ENGIE S.A. s\u2019engage \u00e0 les prot\u00e9ger en conformit\u00e9 avec le R\u00e8glement G\u00e9n\u00e9ral sur la Protection des Donn\u00e9es (RGPD).<\/p>\n<p>En tant qu\u2019acteur responsable, ENGIE S.A. a \u00e9dict\u00e9 la pr\u00e9sente Charte de protection des donn\u00e9es personnelles pour r\u00e9affirmer clairement ses engagements qui reposent sur les grands principes du RGPD.<\/p>\n<p>Ainsi, ENGIE prend les engagements suivants :<\/p>\n<ul>\n<li>Assurer en permanence une information claire et transparente vis-\u00e0-vis de l\u2019utilisation qui est faite des donn\u00e9es personnelles ;<\/li>\n<li>Collecter les donn\u00e9es personnelles uniquement pour des finalit\u00e9s d\u00e9termin\u00e9es, explicites et l\u00e9gitimes ;<\/li>\n<li>Assurer en permanence que les donn\u00e9es collect\u00e9es sont ad\u00e9quates, pertinentes et limit\u00e9es au regard des finalit\u00e9s ;<\/li>\n<li>Purger ou anonymiser les donn\u00e9es personnelles trait\u00e9es lorsque les dur\u00e9es de conservation ont \u00e9t\u00e9 atteintes ;<\/li>\n<li>Assurer la s\u00e9curit\u00e9 et la confidentialit\u00e9 des donn\u00e9es personnelles trait\u00e9es ;<\/li>\n<li>Respecter l\u2019exercice des droits des personnes concern\u00e9es dans les d\u00e9lais impartis ;<\/li>\n<li>Ne pas r\u00e9utiliser les donn\u00e9es collect\u00e9es \u00e0 d\u2019autres fins que celles pour lesquelles elles ont \u00e9t\u00e9 initialement collect\u00e9es.<\/li>\n<\/ul>\n<p>ENGIE S.A. est responsable du traitement de donn\u00e9es personnelles relatives \u00e0 la gestion du site internet que vous visitez (fondation-engie.com). La pr\u00e9sente Charte vous permet d\u2019avoir toutes les informations n\u00e9cessaires \u00e0 la compr\u00e9hension du traitement mis en place.<\/p>\n<p>Afin de l\u2019aider \u00e0 maintenir un niveau de conformit\u00e9 par rapport \u00e0 la r\u00e9glementation en mati\u00e8re de protection des donn\u00e9es personnelles, ENGIE S.A. a nomm\u00e9 un D\u00e9l\u00e9gu\u00e9 \u00e0 la Protection des Donn\u00e9es (DPO).<\/p>\n<h3><span style=\"color: #00aaff;\">1 &#8211; Finalit\u00e9 du traitement et types de donn\u00e9es collect\u00e9es<\/span><\/h3>\n<p>Lors de votre visite du site internet fondation-engie.com, vous \u00eates susceptibles de nous fournir, via un formulaire de collecte de donn\u00e9es, votre mail afin de permettre votre inscription \u00e0 la newsletter. La fourniture de ces donn\u00e9es est n\u00e9cessaire pour recevoir la newsletter.<\/p>\n<p>Des donn\u00e9es anonymis\u00e9es sont \u00e9galement collect\u00e9es pour assurer la performance des contenus et proposer la meilleure exp\u00e9rience possible \u00e0 l\u2019utilisation. Avec ces \u00e9l\u00e9ments, nous pouvons orienter la structure et les parcours des utilisateurs. Par exemple, la facilit\u00e9 li\u00e9e au t\u00e9l\u00e9chargement d\u2019un communiqu\u00e9 de presse ; optimiser la recherche d\u2019information sur le site fondation-engie.com en proposant le parcours le plus court possible ; etc.<\/p>\n<p>Vos donn\u00e9es personnelles ne seront pas trait\u00e9es ult\u00e9rieurement de mani\u00e8re incompatible avec les finalit\u00e9s d\u00e9crites ci-dessus.<\/p>\n<h3><span style=\"color: #00aaff;\">2 &#8211; Prise de d\u00e9cision automatis\u00e9e<\/span><\/h3>\n<p>Le traitement ne pr\u00e9voit pas de prise de d\u00e9cision automatis\u00e9e.<\/p>\n<h3><span style=\"color: #00aaff;\">3 &#8211; La base juridique du traitement <\/span><\/h3>\n<p>Les donn\u00e9es contenues sur le formulaire d\u2019inscription \u00e0 la newsletter sont collect\u00e9es par ENGIE S.A. sur la base de votre consentement.<\/p>\n<h3><span style=\"color: #00aaff;\">4 &#8211; Dur\u00e9e de conservation <\/span><\/h3>\n<p>Vos donn\u00e9es personnelles sont uniquement conserv\u00e9es pendant la dur\u00e9e de votre abonnement \u00e0 la newsletter. Vous avez la possibilit\u00e9 de vous d\u00e9sinscrire en suivant le lien de d\u00e9sinscription dans les mails que vous recevez ou en \u00e9crivant au D\u00e9l\u00e9gu\u00e9 \u00e0 la Protection des Donn\u00e9es d\u2019ENGIE S.A. dont les coordonn\u00e9es se trouvent ci-dessous.<\/p>\n<h3><span style=\"color: #00aaff;\">5 &#8211; Destinataires des donn\u00e9es<\/span><\/h3>\n<p>Dans le cadre de la gestion de ce traitement, les prestataires d\u2019ENGIE S.A. en charge du site Internet sont amen\u00e9s \u00e0 acc\u00e9der aux donn\u00e9es personnelles collect\u00e9es. Dans l\u2019hypoth\u00e8se o\u00f9 vos donn\u00e9es seraient transmises \u00e0 d\u2019autres tiers, notamment des services internes d\u2019ENGIE S.A., ENGIE se conformera aux lois applicables, dans le cadre de la communication de vos donn\u00e9es personnelles.<\/p>\n<h3><span style=\"color: #00aaff;\">6 &#8211; S\u00e9curit\u00e9 et confidentialit\u00e9 de vos donn\u00e9es <\/span><\/h3>\n<p>ENGIE S.A., en sa qualit\u00e9 de responsable du traitement, met en \u0153uvre des mesures appropri\u00e9es pour pr\u00e9server la s\u00e9curit\u00e9 et la confidentialit\u00e9 de vos donn\u00e9es personnelles et, notamment, pour emp\u00eacher qu\u2019elles soient d\u00e9form\u00e9es, endommag\u00e9es, ou que des tiers non autoris\u00e9s y aient acc\u00e8s.<\/p>\n<h3><span style=\"color: #00aaff;\">7 &#8211; Vos droits <\/span><\/h3>\n<p>Conform\u00e9ment \u00e0 la r\u00e8glementation applicable, vous pouvez demander la rectification ou l\u2019effacement de vos donn\u00e9es en vous connectant \u00e0 votre compte cr\u00e9e lors de votre inscription. Vous disposez \u00e9galement d\u2019un droit d\u2019opposition, de limitation et de portabilit\u00e9 de vos donn\u00e9es.<\/p>\n<p>Vous pouvez exercer l\u2019ensemble de ces droits en vous adressant :<\/p>\n<ul>\n<li>Au <a href=\"https:\/\/engiegbs.service-now.com\/gdpr_portal?id=gdpr_subject_access_request&amp;sysparm_source=ENGIESA_FONDATION_SITEFONDATION\">lien suivant<\/a>.<\/li>\n<li>A l\u2019adresse postale : Direction des communications \u2013 1 place Samuel Champlain, Faubourg de l\u2019Arche 92930 Courbevoie, France.<\/li>\n<\/ul>\n<p>Si vous estimez, apr\u00e8s nous avoir contact\u00e9, que vos droits Informatique et Libert\u00e9s ne sont pas respect\u00e9s ou que le dispositif n\u2019est pas conforme aux r\u00e8gles de protection des donn\u00e9es, vous pouvez adresser une r\u00e9clamation aupr\u00e8s de la Commission Nationale de l\u2019informatique et des Libert\u00e9s (CNIL). Vous pouvez acc\u00e9der \u00e0 leur site au lient suivant : <a href=\"https:\/\/www.cnil.fr\">https:\/\/www.cnil.fr<\/a>.<\/p>\n<h3><span style=\"color: #00aaff;\"><strong style=\"font-family: -apple-system, BlinkMacSystemFont, 'Segoe UI', Roboto, Oxygen-Sans, Ubuntu, Cantarell, 'Helvetica Neue', sans-serif;\">8 &#8211; Les coordonn\u00e9es du DPO<\/strong><\/span><\/h3>\n<p>ENGIE a nomm\u00e9 aupr\u00e8s de la Commission Nationale de l\u2019Informatique et des Libert\u00e9s (CNIL) un D\u00e9l\u00e9gu\u00e9 \u00e0 la Protection des Donn\u00e9es, que vous pouvez contacter :<\/p>\n<ul>\n<li>\u00e0 l\u2019adresse suivante : D\u00e9partement Protection des Donn\u00e9es ENGIE, Adresse : 1 place Samuel de Champlain \u2013 92930 Paris La D\u00e9fense \u2013 Cedex \u2013 France,<\/li>\n<li>via le lien suivant : <a href=\"https:\/\/engiegbs.service-now.com\/gdpr_portal?id=gdpr_home\">Contact DPO\/DPD<\/a><\/li>\n<\/ul>\n<h3><span style=\"color: #00aaff;\">9 &#8211; Gestion des cookies<\/span><\/h3>\n<p>Pour plus d\u2019information sur la gestion des cookies et autres traceurs par ENGIE, veuillez cliquer sur le lien ci-dessous :[\/vc_column_text][vc_row_inner row_inner_height_percent=&#8221;0&#8243; overlay_alpha=&#8221;50&#8243; gutter_size=&#8221;3&#8243; shift_y=&#8221;0&#8243; z_index=&#8221;0&#8243;][vc_column_inner column_width_percent=&#8221;100&#8243; position_vertical=&#8221;middle&#8221; align_horizontal=&#8221;align_center&#8221; gutter_size=&#8221;3&#8243; overlay_alpha=&#8221;50&#8243; shift_x=&#8221;0&#8243; shift_y=&#8221;0&#8243; shift_y_down=&#8221;0&#8243; z_index=&#8221;0&#8243; medium_width=&#8221;0&#8243; mobile_width=&#8221;0&#8243; width=&#8221;1\/1&#8243;][vc_button button_color=&#8221;accent&#8221; size=&#8221;btn-lg&#8221; border_width=&#8221;0&#8243; link=&#8221;url:https%3A%2F%2Ffondation-engie.com%2Fen%2Fcookies-management%2F&#8221;]Cookies management[\/vc_button][\/vc_column_inner][\/vc_row_inner][\/vc_column][\/vc_row]<\/p>\n<\/div>","protected":false},"excerpt":{"rendered":"<p>[vc_row row_height_percent=&#8221;0&#8243; override_padding=&#8221;yes&#8221; h_padding=&#8221;2&#8243; top_padding=&#8221;3&#8243; bottom_padding=&#8221;3&#8243; overlay_alpha=&#8221;50&#8243; gutter_size=&#8221;3&#8243; column_width_percent=&#8221;100&#8243; shift_y=&#8221;0&#8243; z_index=&#8221;0&#8243;][vc_column width=&#8221;1\/1&#8243;][vc_column_text]ENGIE S.A., dont le si\u00e8ge social est situ\u00e9 au [&hellip;]<\/p>\n","protected":false},"author":1,"featured_media":0,"parent":0,"menu_order":0,"comment_status":"closed","ping_status":"closed","template":"","meta":{"footnotes":""},"class_list":["post-89089","page","type-page","status-publish","hentry"],"yoast_head":"<!-- This site is optimized with the Yoast SEO plugin v24.6 - https:\/\/yoast.com\/wordpress\/plugins\/seo\/ -->\n<title>Privacy policy - Fondation ENGIE<\/title>\n<meta name=\"robots\" content=\"index, follow, max-snippet:-1, max-image-preview:large, max-video-preview:-1\" \/>\n<link rel=\"canonical\" href=\"https:\/\/fondation-engie.com\/en\/privacy-policy\/\" \/>\n<meta property=\"og:locale\" content=\"en_US\" \/>\n<meta property=\"og:type\" content=\"article\" \/>\n<meta property=\"og:title\" content=\"Privacy policy - Fondation ENGIE\" \/>\n<meta property=\"og:description\" content=\"[vc_row row_height_percent=&#8221;0&#8243; override_padding=&#8221;yes&#8221; h_padding=&#8221;2&#8243; top_padding=&#8221;3&#8243; bottom_padding=&#8221;3&#8243; overlay_alpha=&#8221;50&#8243; gutter_size=&#8221;3&#8243; column_width_percent=&#8221;100&#8243; shift_y=&#8221;0&#8243; z_index=&#8221;0&#8243;][vc_column width=&#8221;1\/1&#8243;][vc_column_text]ENGIE S.A., dont le si\u00e8ge social est situ\u00e9 au [&hellip;]\" \/>\n<meta property=\"og:url\" content=\"https:\/\/fondation-engie.com\/en\/privacy-policy\/\" \/>\n<meta property=\"og:site_name\" content=\"Fondation ENGIE\" \/>\n<meta property=\"article:publisher\" content=\"https:\/\/www.facebook.com\/fondationengie\" \/>\n<meta property=\"article:modified_time\" content=\"2021-07-27T10:10:20+00:00\" \/>\n<meta name=\"twitter:card\" content=\"summary_large_image\" \/>\n<meta name=\"twitter:site\" content=\"@FondationEngie\" \/>\n<meta name=\"twitter:label1\" content=\"Est. reading time\" \/>\n\t<meta name=\"twitter:data1\" content=\"4 minutes\" \/>\n<script type=\"application\/ld+json\" class=\"yoast-schema-graph\">{\"@context\":\"https:\/\/schema.org\",\"@graph\":[{\"@type\":\"WebPage\",\"@id\":\"https:\/\/fondation-engie.com\/en\/privacy-policy\/\",\"url\":\"https:\/\/fondation-engie.com\/en\/privacy-policy\/\",\"name\":\"Privacy policy - Fondation ENGIE\",\"isPartOf\":{\"@id\":\"https:\/\/fondation-engie.com\/en\/#website\"},\"datePublished\":\"2021-07-12T07:27:32+00:00\",\"dateModified\":\"2021-07-27T10:10:20+00:00\",\"breadcrumb\":{\"@id\":\"https:\/\/fondation-engie.com\/en\/privacy-policy\/#breadcrumb\"},\"inLanguage\":\"en-US\",\"potentialAction\":[{\"@type\":\"ReadAction\",\"target\":[\"https:\/\/fondation-engie.com\/en\/privacy-policy\/\"]}]},{\"@type\":\"BreadcrumbList\",\"@id\":\"https:\/\/fondation-engie.com\/en\/privacy-policy\/#breadcrumb\",\"itemListElement\":[{\"@type\":\"ListItem\",\"position\":1,\"name\":\"Accueil\",\"item\":\"https:\/\/fondation-engie.com\/en\/\"},{\"@type\":\"ListItem\",\"position\":2,\"name\":\"Privacy policy\"}]},{\"@type\":\"WebSite\",\"@id\":\"https:\/\/fondation-engie.com\/en\/#website\",\"url\":\"https:\/\/fondation-engie.com\/en\/\",\"name\":\"Fondation ENGIE\",\"description\":\"La Fondation d&#039;entreprise du Groupe ENGIE\",\"potentialAction\":[{\"@type\":\"SearchAction\",\"target\":{\"@type\":\"EntryPoint\",\"urlTemplate\":\"https:\/\/fondation-engie.com\/en\/?s={search_term_string}\"},\"query-input\":{\"@type\":\"PropertyValueSpecification\",\"valueRequired\":true,\"valueName\":\"search_term_string\"}}],\"inLanguage\":\"en-US\"}]}<\/script>\n<!-- \/ Yoast SEO plugin. -->","yoast_head_json":{"title":"Privacy policy - Fondation ENGIE","robots":{"index":"index","follow":"follow","max-snippet":"max-snippet:-1","max-image-preview":"max-image-preview:large","max-video-preview":"max-video-preview:-1"},"canonical":"https:\/\/fondation-engie.com\/en\/privacy-policy\/","og_locale":"en_US","og_type":"article","og_title":"Privacy policy - Fondation ENGIE","og_description":"[vc_row row_height_percent=&#8221;0&#8243; override_padding=&#8221;yes&#8221; h_padding=&#8221;2&#8243; top_padding=&#8221;3&#8243; bottom_padding=&#8221;3&#8243; overlay_alpha=&#8221;50&#8243; gutter_size=&#8221;3&#8243; column_width_percent=&#8221;100&#8243; shift_y=&#8221;0&#8243; z_index=&#8221;0&#8243;][vc_column width=&#8221;1\/1&#8243;][vc_column_text]ENGIE S.A., dont le si\u00e8ge social est situ\u00e9 au [&hellip;]","og_url":"https:\/\/fondation-engie.com\/en\/privacy-policy\/","og_site_name":"Fondation ENGIE","article_publisher":"https:\/\/www.facebook.com\/fondationengie","article_modified_time":"2021-07-27T10:10:20+00:00","twitter_card":"summary_large_image","twitter_site":"@FondationEngie","twitter_misc":{"Est. reading time":"4 minutes"},"schema":{"@context":"https:\/\/schema.org","@graph":[{"@type":"WebPage","@id":"https:\/\/fondation-engie.com\/en\/privacy-policy\/","url":"https:\/\/fondation-engie.com\/en\/privacy-policy\/","name":"Privacy policy - Fondation ENGIE","isPartOf":{"@id":"https:\/\/fondation-engie.com\/en\/#website"},"datePublished":"2021-07-12T07:27:32+00:00","dateModified":"2021-07-27T10:10:20+00:00","breadcrumb":{"@id":"https:\/\/fondation-engie.com\/en\/privacy-policy\/#breadcrumb"},"inLanguage":"en-US","potentialAction":[{"@type":"ReadAction","target":["https:\/\/fondation-engie.com\/en\/privacy-policy\/"]}]},{"@type":"BreadcrumbList","@id":"https:\/\/fondation-engie.com\/en\/privacy-policy\/#breadcrumb","itemListElement":[{"@type":"ListItem","position":1,"name":"Accueil","item":"https:\/\/fondation-engie.com\/en\/"},{"@type":"ListItem","position":2,"name":"Privacy policy"}]},{"@type":"WebSite","@id":"https:\/\/fondation-engie.com\/en\/#website","url":"https:\/\/fondation-engie.com\/en\/","name":"Fondation ENGIE","description":"La Fondation d&#039;entreprise du Groupe ENGIE","potentialAction":[{"@type":"SearchAction","target":{"@type":"EntryPoint","urlTemplate":"https:\/\/fondation-engie.com\/en\/?s={search_term_string}"},"query-input":{"@type":"PropertyValueSpecification","valueRequired":true,"valueName":"search_term_string"}}],"inLanguage":"en-US"}]}},"_links":{"self":[{"href":"https:\/\/fondation-engie.com\/en\/wp-json\/wp\/v2\/pages\/89089","targetHints":{"allow":["GET"]}}],"collection":[{"href":"https:\/\/fondation-engie.com\/en\/wp-json\/wp\/v2\/pages"}],"about":[{"href":"https:\/\/fondation-engie.com\/en\/wp-json\/wp\/v2\/types\/page"}],"author":[{"embeddable":true,"href":"https:\/\/fondation-engie.com\/en\/wp-json\/wp\/v2\/users\/1"}],"replies":[{"embeddable":true,"href":"https:\/\/fondation-engie.com\/en\/wp-json\/wp\/v2\/comments?post=89089"}],"version-history":[{"count":0,"href":"https:\/\/fondation-engie.com\/en\/wp-json\/wp\/v2\/pages\/89089\/revisions"}],"wp:attachment":[{"href":"https:\/\/fondation-engie.com\/en\/wp-json\/wp\/v2\/media?parent=89089"}],"curies":[{"name":"wp","href":"https:\/\/api.w.org\/{rel}","templated":true}]}}